{"id":33276,"date":"2021-02-17T11:11:45","date_gmt":"2021-02-17T11:11:45","guid":{"rendered":"https:\/\/the7.io\/elementor-shop\/?page_id=33276"},"modified":"2023-02-06T20:30:04","modified_gmt":"2023-02-06T20:30:04","slug":"news-articles","status":"publish","type":"page","link":"https:\/\/imperioplast.com.br\/wp\/news-articles\/","title":{"rendered":"Nosso Blog"},"content":{"rendered":"\t\t<div data-elementor-type=\"wp-page\" data-elementor-id=\"33276\" class=\"elementor elementor-33276\">\n\t\t\t\t\t\t\t\t\t<section class=\"elementor-section elementor-top-section elementor-element elementor-element-3c4c0ce elementor-section-boxed elementor-section-height-default elementor-section-height-default\" data-id=\"3c4c0ce\" data-element_type=\"section\">\n\t\t\t\t\t\t<div class=\"elementor-container elementor-column-gap-wide\">\n\t\t\t\t\t<div class=\"elementor-column elementor-col-100 elementor-top-column elementor-element elementor-element-c11090e\" data-id=\"c11090e\" data-element_type=\"column\">\n\t\t\t<div class=\"elementor-widget-wrap elementor-element-populated\">\n\t\t\t\t\t\t\t\t<div class=\"elementor-element elementor-element-947f7ad elementor-widget elementor-widget-the7_elements\" data-id=\"947f7ad\" data-element_type=\"widget\" data-widget_type=\"the7_elements.default\">\n\t\t\t\t<div class=\"elementor-widget-container\">\n\t\t\t<div class=\"portfolio-shortcode the7-elementor-widget the7_elements-947f7ad mode-grid dt-css-grid-wrap classic-layout-list description-under-image content-bg-on resize-by-browser-width widget-with-filter loading-effect-none enable-pagination-scroll jquery-filter\" data-padding=\"40px\" data-mobile-columns-num=\"1\" data-tablet-columns-num=\"2\" data-desktop-columns-num=\"3\" data-wide-desktop-columns-num=\"3\" data-post-limit=\"6\" data-pagination-mode=\"pages\" data-scroll-offset=\"0\"><div class=\"iso-filter filter-decorations css-grid-filter extras-off filter filter-pointer-underline filter-animation-drop-out   \"><div class=\"filter-categories\" data-default-order=\"\" data-default-orderby=\"\"><a href=\"https:\/\/imperioplast.com.br\/wp\/news-articles\/\" class=\"show-all filter-item act\" data-filter=\"*\">All<\/a><a href=\"https:\/\/imperioplast.com.br\/wp\/news-articles\/?term=cadeiras\" class=\"filter-item cadeiras\" data-filter=\".category-335\">Cadeiras<\/a><a href=\"https:\/\/imperioplast.com.br\/wp\/news-articles\/?term=mesas\" class=\"filter-item mesas\" data-filter=\".category-336\">Mesas<\/a><a href=\"https:\/\/imperioplast.com.br\/wp\/news-articles\/?term=poltronas\" class=\"filter-item poltronas\" data-filter=\".category-334\">Poltronas<\/a><\/div><\/div><div class=\"dt-css-grid custom-pagination-handler\"><div class=\"visible wf-cell category-336\" data-post-id=\"49397\" data-date=\"2023-07-27T14:19:50+00:00\" data-name=\"Mesas\"><article class=\"post visible post-49397 type-post status-publish format-standard has-post-thumbnail hentry category-mesas\" data-name=\"Mesas\" data-date=\"2023-07-27T14:19:50+00:00\">\n\n\t<div class=\"post-thumbnail-wrap \">\n\t\t<div class=\"post-thumbnail\">\n\n\t\t\t<a href=\"https:\/\/imperioplast.com.br\/wp\/cadeiras-de-plastico-2\/\" class=\"post-thumbnail-rollover layzr-bg\" aria-label=\"Post image\"><img loading=\"lazy\" decoding=\"async\" class=\"preload-me lazy-load\" src=\"data:image\/svg+xml,%3Csvg%20xmlns%3D&#39;http%3A%2F%2Fwww.w3.org%2F2000%2Fsvg&#39;%20viewBox%3D&#39;0%200%20768%20512&#39;%2F%3E\" data-src=\"https:\/\/imperioplast.com.br\/wp\/wp-content\/uploads\/2022\/10\/blog-3-768x512.png\" data-srcset=\"https:\/\/imperioplast.com.br\/wp\/wp-content\/uploads\/2022\/10\/blog-3-768x512.png 768w, https:\/\/imperioplast.com.br\/wp\/wp-content\/uploads\/2022\/10\/blog-3-800x533.png 800w\" alt=\"\" title=\"blog-3\" width=\"768\" height=\"512\"  \/><\/a>\n\t\t<\/div>\n\t<\/div>\n\n\n<div class=\"post-entry-content\">\n\n\t<h3 class=\"ele-entry-title\"><a href=\"https:\/\/imperioplast.com.br\/wp\/cadeiras-de-plastico-2\/\" rel=\"bookmark\" title=\"Mesas\">Mesas<\/a><\/h3><div class=\"entry-meta\"><span class=\"meta-item category-link\"><a href=\"https:\/\/imperioplast.com.br\/wp\/category\/mesas\/\" rel=\"tag\">Mesas<\/a><\/span><a href=\"https:\/\/imperioplast.com.br\/wp\/2023\/07\/27\/\" title=\"2:19 pm\" class=\"meta-item data-link\" rel=\"bookmark\"><time class=\"entry-date updated\" datetime=\"2023-07-27T14:19:50+00:00\">julho 27, 2023<\/time><\/a><\/div>\n<\/div><\/article><\/div><div class=\"visible wf-cell category-335\" data-post-id=\"49381\" data-date=\"2023-07-27T14:01:56+00:00\" data-name=\"Cadeiras de Pl\u00e1stico\"><article class=\"post visible post-49381 type-post status-publish format-standard has-post-thumbnail hentry category-cadeiras\" data-name=\"Cadeiras de Pl\u00e1stico\" data-date=\"2023-07-27T14:01:56+00:00\">\n\n\t<div class=\"post-thumbnail-wrap \">\n\t\t<div class=\"post-thumbnail\">\n\n\t\t\t<a href=\"https:\/\/imperioplast.com.br\/wp\/cadeiras-de-plastico\/\" class=\"post-thumbnail-rollover layzr-bg\" aria-label=\"Post image\"><img loading=\"lazy\" decoding=\"async\" class=\"preload-me lazy-load\" src=\"data:image\/svg+xml,%3Csvg%20xmlns%3D&#39;http%3A%2F%2Fwww.w3.org%2F2000%2Fsvg&#39;%20viewBox%3D&#39;0%200%20768%20512&#39;%2F%3E\" data-src=\"https:\/\/imperioplast.com.br\/wp\/wp-content\/uploads\/2022\/10\/blog-2-768x512.png\" data-srcset=\"https:\/\/imperioplast.com.br\/wp\/wp-content\/uploads\/2022\/10\/blog-2-768x512.png 768w, https:\/\/imperioplast.com.br\/wp\/wp-content\/uploads\/2022\/10\/blog-2-800x533.png 800w\" alt=\"\" title=\"blog-2\" width=\"768\" height=\"512\"  \/><\/a>\n\t\t<\/div>\n\t<\/div>\n\n\n<div class=\"post-entry-content\">\n\n\t<h3 class=\"ele-entry-title\"><a href=\"https:\/\/imperioplast.com.br\/wp\/cadeiras-de-plastico\/\" rel=\"bookmark\" title=\"Cadeiras de Pl\u00e1stico\">Cadeiras de Pl\u00e1stico<\/a><\/h3><div class=\"entry-meta\"><span class=\"meta-item category-link\"><a href=\"https:\/\/imperioplast.com.br\/wp\/category\/cadeiras\/\" rel=\"tag\">Cadeiras<\/a><\/span><a href=\"https:\/\/imperioplast.com.br\/wp\/2023\/07\/27\/\" title=\"2:01 pm\" class=\"meta-item data-link\" rel=\"bookmark\"><time class=\"entry-date updated\" datetime=\"2023-07-27T14:01:56+00:00\">julho 27, 2023<\/time><\/a><\/div>\n<\/div><\/article><\/div><div class=\"visible wf-cell category-334\" data-post-id=\"3086\" data-date=\"2023-06-01T11:29:00+00:00\" data-name=\"Poltronas de Pl\u00e1stico\"><article class=\"post visible post-3086 type-post status-publish format-standard has-post-thumbnail hentry category-poltronas\" data-name=\"Poltronas de Pl\u00e1stico\" data-date=\"2023-06-01T11:29:00+00:00\">\n\n\t<div class=\"post-thumbnail-wrap \">\n\t\t<div class=\"post-thumbnail\">\n\n\t\t\t<a href=\"https:\/\/imperioplast.com.br\/wp\/post700\/\" class=\"post-thumbnail-rollover layzr-bg\" aria-label=\"Post image\"><img loading=\"lazy\" decoding=\"async\" class=\"preload-me lazy-load\" src=\"data:image\/svg+xml,%3Csvg%20xmlns%3D&#39;http%3A%2F%2Fwww.w3.org%2F2000%2Fsvg&#39;%20viewBox%3D&#39;0%200%20768%20512&#39;%2F%3E\" data-src=\"https:\/\/imperioplast.com.br\/wp\/wp-content\/uploads\/2022\/10\/blog-1-768x512.png\" data-srcset=\"https:\/\/imperioplast.com.br\/wp\/wp-content\/uploads\/2022\/10\/blog-1-768x512.png 768w, https:\/\/imperioplast.com.br\/wp\/wp-content\/uploads\/2022\/10\/blog-1-800x533.png 800w\" alt=\"\" title=\"blog-1\" width=\"768\" height=\"512\"  \/><\/a>\n\t\t<\/div>\n\t<\/div>\n\n\n<div class=\"post-entry-content\">\n\n\t<h3 class=\"ele-entry-title\"><a href=\"https:\/\/imperioplast.com.br\/wp\/post700\/\" rel=\"bookmark\" title=\"Poltronas de Pl\u00e1stico\">Poltronas de Pl\u00e1stico<\/a><\/h3><div class=\"entry-meta\"><span class=\"meta-item category-link\"><a href=\"https:\/\/imperioplast.com.br\/wp\/category\/poltronas\/\" rel=\"tag\">Poltronas<\/a><\/span><a href=\"https:\/\/imperioplast.com.br\/wp\/2023\/06\/01\/\" title=\"11:29 am\" class=\"meta-item data-link\" rel=\"bookmark\"><time class=\"entry-date updated\" datetime=\"2023-06-01T11:29:00+00:00\">junho 1, 2023<\/time><\/a><\/div>\n<\/div><\/article><\/div><\/div><!-- iso-container|iso-grid --><div class=\"paginator filter-decorations filter-pointer-underline filter-animation-drop-out\" role=\"navigation\"><\/div><\/div>\t\t<\/div>\n\t\t\t\t<\/div>\n\t\t\t\t\t<\/div>\n\t\t<\/div>\n\t\t\t\t\t\t\t<\/div>\n\t\t<\/section>\n\t\t\t\t\t\t\t<\/div>\n\t\t","protected":false},"excerpt":{"rendered":"<p>Durabilidade e Resist\u00eancia Durabilidade e Resist\u00eancia incompar\u00e1veis. Desfrute de conforto e beleza que perduram por muito tempo. Perfeitas para ambientes internos e externos. Renove sua decora\u00e7\u00e3o com qualidade garantida. Conforto e Estilo Conforto e Estilo em um s\u00f3 lugar. Descubra a durabilidade e praticidade que elas oferecem para o seu espa\u00e7o. Renove a decora\u00e7\u00e3o com&hellip;<\/p>\n","protected":false},"author":1,"featured_media":0,"parent":0,"menu_order":303,"comment_status":"closed","ping_status":"closed","template":"","meta":{"footnotes":""},"class_list":["post-33276","page","type-page","status-publish","hentry"],"_links":{"self":[{"href":"https:\/\/imperioplast.com.br\/wp\/wp-json\/wp\/v2\/pages\/33276","targetHints":{"allow":["GET"]}}],"collection":[{"href":"https:\/\/imperioplast.com.br\/wp\/wp-json\/wp\/v2\/pages"}],"about":[{"href":"https:\/\/imperioplast.com.br\/wp\/wp-json\/wp\/v2\/types\/page"}],"author":[{"embeddable":true,"href":"https:\/\/imperioplast.com.br\/wp\/wp-json\/wp\/v2\/users\/1"}],"replies":[{"embeddable":true,"href":"https:\/\/imperioplast.com.br\/wp\/wp-json\/wp\/v2\/comments?post=33276"}],"version-history":[{"count":1,"href":"https:\/\/imperioplast.com.br\/wp\/wp-json\/wp\/v2\/pages\/33276\/revisions"}],"predecessor-version":[{"id":49161,"href":"https:\/\/imperioplast.com.br\/wp\/wp-json\/wp\/v2\/pages\/33276\/revisions\/49161"}],"wp:attachment":[{"href":"https:\/\/imperioplast.com.br\/wp\/wp-json\/wp\/v2\/media?parent=33276"}],"curies":[{"name":"wp","href":"https:\/\/api.w.org\/{rel}","templated":true}]}}